{"id":958,"date":"2024-06-17T14:13:29","date_gmt":"2024-06-17T17:13:29","guid":{"rendered":"https:\/\/cma.adv.br\/?page_id=958"},"modified":"2024-07-04T16:20:10","modified_gmt":"2024-07-04T19:20:10","slug":"cma-conhecimento","status":"publish","type":"page","link":"https:\/\/cma.adv.br\/en\/cma-conhecimento\/","title":{"rendered":"CMA Conhecimento"},"content":{"rendered":"<div data-elementor-type=\"wp-page\" data-elementor-id=\"958\" class=\"elementor elementor-958\" data-elementor-post-type=\"page\">\n\t\t\t\t<div class=\"elementor-element elementor-element-4ce225d e-flex e-con-boxed e-con e-parent\" data-id=\"4ce225d\" data-element_type=\"container\" data-settings=\"{&quot;background_background&quot;:&quot;classic&quot;}\">\n\t\t\t\t\t<div class=\"e-con-inner\">\n\t\t\t\t<div class=\"elementor-element elementor-element-ae88965 elementor-widget-tablet_extra__width-initial elementor-widget elementor-widget-heading\" data-id=\"ae88965\" data-element_type=\"widget\" data-widget_type=\"heading.default\">\n\t\t\t\t<div class=\"elementor-widget-container\">\n\t\t\t<style>\/*! elementor - v3.21.0 - 26-05-2024 *\/\n.elementor-heading-title{padding:0;margin:0;line-height:1}.elementor-widget-heading .elementor-heading-title[class*=elementor-size-]>a{color:inherit;font-size:inherit;line-height:inherit}.elementor-widget-heading .elementor-heading-title.elementor-size-small{font-size:15px}.elementor-widget-heading .elementor-heading-title.elementor-size-medium{font-size:19px}.elementor-widget-heading .elementor-heading-title.elementor-size-large{font-size:29px}.elementor-widget-heading .elementor-heading-title.elementor-size-xl{font-size:39px}.elementor-widget-heading .elementor-heading-title.elementor-size-xxl{font-size:59px}<\/style><h2 class=\"elementor-heading-title elementor-size-default\">CMA Conhecimento<\/h2>\t\t<\/div>\n\t\t\t\t<\/div>\n\t\t\t\t\t<\/div>\n\t\t\t\t<\/div>\n\t\t<div class=\"elementor-element elementor-element-19dcfde e-flex e-con-boxed e-con e-parent\" data-id=\"19dcfde\" data-element_type=\"container\">\n\t\t\t\t\t<div class=\"e-con-inner\">\n\t\t\t\t<div class=\"elementor-element elementor-element-81fc853 elementor-grid-3 elementor-grid-tablet-2 elementor-grid-mobile-1 elementor-posts--thumbnail-top elementor-card-shadow-yes elementor-posts__hover-gradient elementor-widget elementor-widget-posts\" data-id=\"81fc853\" data-element_type=\"widget\" data-settings=\"{&quot;cards_masonry&quot;:&quot;yes&quot;,&quot;cards_columns&quot;:&quot;3&quot;,&quot;cards_columns_tablet&quot;:&quot;2&quot;,&quot;cards_columns_mobile&quot;:&quot;1&quot;,&quot;cards_row_gap&quot;:{&quot;unit&quot;:&quot;px&quot;,&quot;size&quot;:35,&quot;sizes&quot;:[]},&quot;cards_row_gap_laptop&quot;:{&quot;unit&quot;:&quot;px&quot;,&quot;size&quot;:&quot;&quot;,&quot;sizes&quot;:[]},&quot;cards_row_gap_tablet_extra&quot;:{&quot;unit&quot;:&quot;px&quot;,&quot;size&quot;:&quot;&quot;,&quot;sizes&quot;:[]},&quot;cards_row_gap_tablet&quot;:{&quot;unit&quot;:&quot;px&quot;,&quot;size&quot;:&quot;&quot;,&quot;sizes&quot;:[]},&quot;cards_row_gap_mobile_extra&quot;:{&quot;unit&quot;:&quot;px&quot;,&quot;size&quot;:&quot;&quot;,&quot;sizes&quot;:[]},&quot;cards_row_gap_mobile&quot;:{&quot;unit&quot;:&quot;px&quot;,&quot;size&quot;:&quot;&quot;,&quot;sizes&quot;:[]}}\" data-widget_type=\"posts.cards\">\n\t\t\t\t<div class=\"elementor-widget-container\">\n\t\t\t<link rel=\"stylesheet\" href=\"https:\/\/cma.adv.br\/wp-content\/plugins\/pro-elements\/assets\/css\/widget-posts.min.css\">\t\t<div class=\"elementor-posts-container elementor-posts elementor-posts--skin-cards elementor-grid\">\n\t\t\t\t<article class=\"elementor-post elementor-grid-item post-2614 post type-post status-publish format-standard has-post-thumbnail hentry category-artigos\">\n\t\t\t<div class=\"elementor-post__card\">\n\t\t\t\t<a class=\"elementor-post__thumbnail__link\" href=\"https:\/\/cma.adv.br\/en\/2026\/03\/30\/artigo-de-anna-luiza-piersanti-analisa-julgamento-do-resp-no-2-234-939-rj-pelo-superior-tribunal-de-justica\/\" tabindex=\"-1\" ><div class=\"elementor-post__thumbnail\"><img fetchpriority=\"high\" decoding=\"async\" width=\"6250\" height=\"4166\" src=\"https:\/\/cma.adv.br\/wp-content\/uploads\/2026\/03\/Blog-CMA.png\" class=\"attachment-full size-full wp-image-2616\" alt=\"\" srcset=\"https:\/\/cma.adv.br\/wp-content\/uploads\/2026\/03\/Blog-CMA.png 6250w, https:\/\/cma.adv.br\/wp-content\/uploads\/2026\/03\/Blog-CMA-300x200.png 300w, https:\/\/cma.adv.br\/wp-content\/uploads\/2026\/03\/Blog-CMA-1024x683.png 1024w, https:\/\/cma.adv.br\/wp-content\/uploads\/2026\/03\/Blog-CMA-768x512.png 768w, https:\/\/cma.adv.br\/wp-content\/uploads\/2026\/03\/Blog-CMA-1536x1024.png 1536w, https:\/\/cma.adv.br\/wp-content\/uploads\/2026\/03\/Blog-CMA-2048x1365.png 2048w, https:\/\/cma.adv.br\/wp-content\/uploads\/2026\/03\/Blog-CMA-18x12.png 18w\" sizes=\"(max-width: 6250px) 100vw, 6250px\" \/><\/div><\/a>\n\t\t\t\t<div class=\"elementor-post__badge\">Artigos<\/div>\n\t\t\t\t<div class=\"elementor-post__text\">\n\t\t\t\t<h3 class=\"elementor-post__title\">\n\t\t\t<a href=\"https:\/\/cma.adv.br\/en\/2026\/03\/30\/artigo-de-anna-luiza-piersanti-analisa-julgamento-do-resp-no-2-234-939-rj-pelo-superior-tribunal-de-justica\/\" >\n\t\t\t\tArtigo de Anna Luiza Piersanti analisa julgamento do REsp n\u00ba 2.234.939\/RJ pelo Superior Tribunal de Justi\u00e7a\t\t\t<\/a>\n\t\t<\/h3>\n\t\t\t\t<div class=\"elementor-post__excerpt\">\n\t\t\t<p>Anna Luiza Piersanti, do Coelho Murgel Atherino Advogados, analisou o recente julgamento do REsp n\u00ba 2.234.939\/RJ pelo Superior Tribunal de Justi\u00e7a, destacando os limites da recupera\u00e7\u00e3o extrajudicial e, em especial, a impossibilidade de extens\u00e3o de seus efeitos a credores n\u00e3o<\/p>\n\t\t<\/div>\n\t\t\n\t\t<a class=\"elementor-post__read-more\" href=\"https:\/\/cma.adv.br\/en\/2026\/03\/30\/artigo-de-anna-luiza-piersanti-analisa-julgamento-do-resp-no-2-234-939-rj-pelo-superior-tribunal-de-justica\/\" aria-label=\"Read more about Artigo de Anna Luiza Piersanti analisa julgamento do REsp n\u00ba 2.234.939\/RJ pelo Superior Tribunal de Justi\u00e7a\" tabindex=\"-1\" >\n\t\t\tLeia mais \u00bb\t\t<\/a>\n\n\t\t\t\t<\/div>\n\t\t\t\t<div class=\"elementor-post__meta-data\">\n\t\t\t\t\t<span class=\"elementor-post-date\">\n\t\t\t30 de March de 2026\t\t<\/span>\n\t\t\t\t<span class=\"elementor-post-avatar\">\n\t\t\tNo Comments\t\t<\/span>\n\t\t\t\t<\/div>\n\t\t\t\t\t<\/div>\n\t\t<\/article>\n\t\t\t\t<article class=\"elementor-post elementor-grid-item post-2609 post type-post status-publish format-standard has-post-thumbnail hentry category-novos-talentos\">\n\t\t\t<div class=\"elementor-post__card\">\n\t\t\t\t<a class=\"elementor-post__thumbnail__link\" href=\"https:\/\/cma.adv.br\/en\/2026\/03\/10\/escritorio-recebe-treino-da-equipe-da-lads-ufrj-para-a-sociecap\/\" tabindex=\"-1\" ><div class=\"elementor-post__thumbnail\"><img decoding=\"async\" width=\"6250\" height=\"4165\" src=\"https:\/\/cma.adv.br\/wp-content\/uploads\/2026\/03\/1-1.png\" class=\"attachment-full size-full wp-image-2612\" alt=\"\" srcset=\"https:\/\/cma.adv.br\/wp-content\/uploads\/2026\/03\/1-1.png 6250w, https:\/\/cma.adv.br\/wp-content\/uploads\/2026\/03\/1-1-300x200.png 300w, https:\/\/cma.adv.br\/wp-content\/uploads\/2026\/03\/1-1-1024x682.png 1024w, https:\/\/cma.adv.br\/wp-content\/uploads\/2026\/03\/1-1-768x512.png 768w, https:\/\/cma.adv.br\/wp-content\/uploads\/2026\/03\/1-1-1536x1024.png 1536w, https:\/\/cma.adv.br\/wp-content\/uploads\/2026\/03\/1-1-2048x1365.png 2048w, https:\/\/cma.adv.br\/wp-content\/uploads\/2026\/03\/1-1-18x12.png 18w\" sizes=\"(max-width: 6250px) 100vw, 6250px\" \/><\/div><\/a>\n\t\t\t\t<div class=\"elementor-post__badge\">Novos talentos<\/div>\n\t\t\t\t<div class=\"elementor-post__text\">\n\t\t\t\t<h3 class=\"elementor-post__title\">\n\t\t\t<a href=\"https:\/\/cma.adv.br\/en\/2026\/03\/10\/escritorio-recebe-treino-da-equipe-da-lads-ufrj-para-a-sociecap\/\" >\n\t\t\t\tEscrit\u00f3rio recebe treino da equipe da LADS \u2013 UFRJ para a SOCIECAP\t\t\t<\/a>\n\t\t<\/h3>\n\t\t\t\t<div class=\"elementor-post__excerpt\">\n\t\t\t<p>O escrit\u00f3rio sediou o primeiro treino da equipe da Liga Acad\u00eamica de Direito Societ\u00e1rio da Faculdade Nacional de Direito (LADS \u2013 UFRJ) para a etapa final da Competi\u00e7\u00e3o Brasileira de Direito Societ\u00e1rio e Mercado de Capitais (SOCIECAP). A atividade foi<\/p>\n\t\t<\/div>\n\t\t\n\t\t<a class=\"elementor-post__read-more\" href=\"https:\/\/cma.adv.br\/en\/2026\/03\/10\/escritorio-recebe-treino-da-equipe-da-lads-ufrj-para-a-sociecap\/\" aria-label=\"Read more about Escrit\u00f3rio recebe treino da equipe da LADS \u2013 UFRJ para a SOCIECAP\" tabindex=\"-1\" >\n\t\t\tLeia mais \u00bb\t\t<\/a>\n\n\t\t\t\t<\/div>\n\t\t\t\t<div class=\"elementor-post__meta-data\">\n\t\t\t\t\t<span class=\"elementor-post-date\">\n\t\t\t10 de March de 2026\t\t<\/span>\n\t\t\t\t<span class=\"elementor-post-avatar\">\n\t\t\tNo Comments\t\t<\/span>\n\t\t\t\t<\/div>\n\t\t\t\t\t<\/div>\n\t\t<\/article>\n\t\t\t\t<article class=\"elementor-post elementor-grid-item post-2589 post type-post status-publish format-standard has-post-thumbnail hentry category-pessoas\">\n\t\t\t<div class=\"elementor-post__card\">\n\t\t\t\t<a class=\"elementor-post__thumbnail__link\" href=\"https:\/\/cma.adv.br\/en\/2026\/02\/19\/renata-de-freitas-carvalho-nova-integrante-do-nosso-escritorio-no-rio-de-janeiro\/\" tabindex=\"-1\" ><div class=\"elementor-post__thumbnail\"><img decoding=\"async\" width=\"6250\" height=\"4165\" src=\"https:\/\/cma.adv.br\/wp-content\/uploads\/2026\/03\/1.png\" class=\"attachment-full size-full wp-image-2592\" alt=\"\" srcset=\"https:\/\/cma.adv.br\/wp-content\/uploads\/2026\/03\/1.png 6250w, https:\/\/cma.adv.br\/wp-content\/uploads\/2026\/03\/1-300x200.png 300w, https:\/\/cma.adv.br\/wp-content\/uploads\/2026\/03\/1-1024x682.png 1024w, https:\/\/cma.adv.br\/wp-content\/uploads\/2026\/03\/1-768x512.png 768w, https:\/\/cma.adv.br\/wp-content\/uploads\/2026\/03\/1-1536x1024.png 1536w, https:\/\/cma.adv.br\/wp-content\/uploads\/2026\/03\/1-2048x1365.png 2048w, https:\/\/cma.adv.br\/wp-content\/uploads\/2026\/03\/1-18x12.png 18w\" sizes=\"(max-width: 6250px) 100vw, 6250px\" \/><\/div><\/a>\n\t\t\t\t<div class=\"elementor-post__badge\">Pessoas<\/div>\n\t\t\t\t<div class=\"elementor-post__text\">\n\t\t\t\t<h3 class=\"elementor-post__title\">\n\t\t\t<a href=\"https:\/\/cma.adv.br\/en\/2026\/02\/19\/renata-de-freitas-carvalho-nova-integrante-do-nosso-escritorio-no-rio-de-janeiro\/\" >\n\t\t\t\tRenata de Freitas Carvalho, nova integrante do nosso escrit\u00f3rio no Rio de Janeiro\t\t\t<\/a>\n\t\t<\/h3>\n\t\t\t\t<div class=\"elementor-post__excerpt\">\n\t\t\t<p>Temos a satisfa\u00e7\u00e3o de dar as boas-vindas a Renata de Freitas Carvalho, nova integrante do nosso escrit\u00f3rio no Rio de Janeiro. Com s\u00f3lida atua\u00e7\u00e3o em contencioso c\u00edvel e empresarial, propriedade intelectual, recupera\u00e7\u00e3o judicial e arbitragem, Renata re\u00fane experi\u00eancia relevante em<\/p>\n\t\t<\/div>\n\t\t\n\t\t<a class=\"elementor-post__read-more\" href=\"https:\/\/cma.adv.br\/en\/2026\/02\/19\/renata-de-freitas-carvalho-nova-integrante-do-nosso-escritorio-no-rio-de-janeiro\/\" aria-label=\"Read more about Renata de Freitas Carvalho, nova integrante do nosso escrit\u00f3rio no Rio de Janeiro\" tabindex=\"-1\" >\n\t\t\tLeia mais \u00bb\t\t<\/a>\n\n\t\t\t\t<\/div>\n\t\t\t\t<div class=\"elementor-post__meta-data\">\n\t\t\t\t\t<span class=\"elementor-post-date\">\n\t\t\t19 de February de 2026\t\t<\/span>\n\t\t\t\t<span class=\"elementor-post-avatar\">\n\t\t\tNo Comments\t\t<\/span>\n\t\t\t\t<\/div>\n\t\t\t\t\t<\/div>\n\t\t<\/article>\n\t\t\t\t<article class=\"elementor-post elementor-grid-item post-2581 post type-post status-publish format-standard has-post-thumbnail hentry category-artigos\">\n\t\t\t<div class=\"elementor-post__card\">\n\t\t\t\t<a class=\"elementor-post__thumbnail__link\" href=\"https:\/\/cma.adv.br\/en\/2026\/02\/12\/recurso-especial-no-1-955-539-sp-medidas-executivas-atipicas-os-parametros-estabelecidos-pelo-stj-para-a-sua-efetividade-no-processo-civil\/\" tabindex=\"-1\" ><div class=\"elementor-post__thumbnail\"><img loading=\"lazy\" decoding=\"async\" width=\"6250\" height=\"4165\" src=\"https:\/\/cma.adv.br\/wp-content\/uploads\/2026\/03\/2.png\" class=\"attachment-full size-full wp-image-2582\" alt=\"\" srcset=\"https:\/\/cma.adv.br\/wp-content\/uploads\/2026\/03\/2.png 6250w, https:\/\/cma.adv.br\/wp-content\/uploads\/2026\/03\/2-300x200.png 300w, https:\/\/cma.adv.br\/wp-content\/uploads\/2026\/03\/2-1024x682.png 1024w, https:\/\/cma.adv.br\/wp-content\/uploads\/2026\/03\/2-768x512.png 768w, https:\/\/cma.adv.br\/wp-content\/uploads\/2026\/03\/2-1536x1024.png 1536w, https:\/\/cma.adv.br\/wp-content\/uploads\/2026\/03\/2-2048x1365.png 2048w, https:\/\/cma.adv.br\/wp-content\/uploads\/2026\/03\/2-18x12.png 18w\" sizes=\"(max-width: 6250px) 100vw, 6250px\" \/><\/div><\/a>\n\t\t\t\t<div class=\"elementor-post__badge\">Artigos<\/div>\n\t\t\t\t<div class=\"elementor-post__text\">\n\t\t\t\t<h3 class=\"elementor-post__title\">\n\t\t\t<a href=\"https:\/\/cma.adv.br\/en\/2026\/02\/12\/recurso-especial-no-1-955-539-sp-medidas-executivas-atipicas-os-parametros-estabelecidos-pelo-stj-para-a-sua-efetividade-no-processo-civil\/\" >\n\t\t\t\tRecurso Especial n\u00ba 1.955.539\/SP: Medidas executivas at\u00edpicas: os par\u00e2metros estabelecidos pelo STJ para a sua efetividade no processo civil\t\t\t<\/a>\n\t\t<\/h3>\n\t\t\t\t<div class=\"elementor-post__excerpt\">\n\t\t\t<p>Renan Lopes Machado elaborou o artigo: &#8220;Recurso Especial n\u00ba 1.955.539\/SP: Medidas executivas at\u00edpicas: os par\u00e2metros estabelecidos pelo STJ para a sua efetividade no processo civil&#8221;, onde apresenta algumas an\u00e1lises relevantes. Em julgamento recente de recurso repetitivo, o Superior Tribunal de<\/p>\n\t\t<\/div>\n\t\t\n\t\t<a class=\"elementor-post__read-more\" href=\"https:\/\/cma.adv.br\/en\/2026\/02\/12\/recurso-especial-no-1-955-539-sp-medidas-executivas-atipicas-os-parametros-estabelecidos-pelo-stj-para-a-sua-efetividade-no-processo-civil\/\" aria-label=\"Read more about Recurso Especial n\u00ba 1.955.539\/SP: Medidas executivas at\u00edpicas: os par\u00e2metros estabelecidos pelo STJ para a sua efetividade no processo civil\" tabindex=\"-1\" >\n\t\t\tLeia mais \u00bb\t\t<\/a>\n\n\t\t\t\t<\/div>\n\t\t\t\t<div class=\"elementor-post__meta-data\">\n\t\t\t\t\t<span class=\"elementor-post-date\">\n\t\t\t12 de February de 2026\t\t<\/span>\n\t\t\t\t<span class=\"elementor-post-avatar\">\n\t\t\tNo Comments\t\t<\/span>\n\t\t\t\t<\/div>\n\t\t\t\t\t<\/div>\n\t\t<\/article>\n\t\t\t\t<\/div>\n\t\t\n\t\t\t\t<\/div>\n\t\t\t\t<\/div>\n\t\t\t\t\t<\/div>\n\t\t\t\t<\/div>\n\t\t\t\t<\/div>","protected":false},"excerpt":{"rendered":"<p>CMA Conhecimento<\/p>","protected":false},"author":1,"featured_media":0,"parent":0,"menu_order":0,"comment_status":"closed","ping_status":"closed","template":"","meta":{"footnotes":""},"class_list":["post-958","page","type-page","status-publish","hentry"],"_links":{"self":[{"href":"https:\/\/cma.adv.br\/en\/wp-json\/wp\/v2\/pages\/958","targetHints":{"allow":["GET"]}}],"collection":[{"href":"https:\/\/cma.adv.br\/en\/wp-json\/wp\/v2\/pages"}],"about":[{"href":"https:\/\/cma.adv.br\/en\/wp-json\/wp\/v2\/types\/page"}],"author":[{"embeddable":true,"href":"https:\/\/cma.adv.br\/en\/wp-json\/wp\/v2\/users\/1"}],"replies":[{"embeddable":true,"href":"https:\/\/cma.adv.br\/en\/wp-json\/wp\/v2\/comments?post=958"}],"version-history":[{"count":17,"href":"https:\/\/cma.adv.br\/en\/wp-json\/wp\/v2\/pages\/958\/revisions"}],"predecessor-version":[{"id":1748,"href":"https:\/\/cma.adv.br\/en\/wp-json\/wp\/v2\/pages\/958\/revisions\/1748"}],"wp:attachment":[{"href":"https:\/\/cma.adv.br\/en\/wp-json\/wp\/v2\/media?parent=958"}],"curies":[{"name":"wp","href":"https:\/\/api.w.org\/{rel}","templated":true}]}}