{"id":793,"date":"2024-06-04T13:17:51","date_gmt":"2024-06-04T16:17:51","guid":{"rendered":"https:\/\/cma.adv.br\/?page_id=793"},"modified":"2024-06-21T00:38:31","modified_gmt":"2024-06-21T03:38:31","slug":"sobre-nos","status":"publish","type":"page","link":"https:\/\/cma.adv.br\/en\/sobre-nos\/","title":{"rendered":"Sobre n\u00f3s"},"content":{"rendered":"<div data-elementor-type=\"wp-page\" data-elementor-id=\"793\" class=\"elementor elementor-793\" data-elementor-post-type=\"page\">\n\t\t\t\t<div class=\"elementor-element elementor-element-9793d78 e-con-full e-flex e-con e-parent\" data-id=\"9793d78\" data-element_type=\"container\" data-settings=\"{&quot;background_background&quot;:&quot;classic&quot;}\">\n\t\t\t\t<\/div>\n\t\t<div class=\"elementor-element elementor-element-9ce63d1 e-flex e-con-boxed e-con e-parent\" data-id=\"9ce63d1\" data-element_type=\"container\" data-settings=\"{&quot;background_background&quot;:&quot;classic&quot;}\">\n\t\t\t\t\t<div class=\"e-con-inner\">\n\t\t<div class=\"elementor-element elementor-element-3b57aa5 e-con-full e-flex e-con e-child\" data-id=\"3b57aa5\" data-element_type=\"container\">\n\t\t\t\t<div class=\"elementor-element elementor-element-647a0e2 elementor-widget-tablet_extra__width-initial elementor-widget elementor-widget-heading\" data-id=\"647a0e2\" data-element_type=\"widget\" data-widget_type=\"heading.default\">\n\t\t\t\t<div class=\"elementor-widget-container\">\n\t\t\t<style>\/*! elementor - v3.21.0 - 26-05-2024 *\/\n.elementor-heading-title{padding:0;margin:0;line-height:1}.elementor-widget-heading .elementor-heading-title[class*=elementor-size-]>a{color:inherit;font-size:inherit;line-height:inherit}.elementor-widget-heading .elementor-heading-title.elementor-size-small{font-size:15px}.elementor-widget-heading .elementor-heading-title.elementor-size-medium{font-size:19px}.elementor-widget-heading .elementor-heading-title.elementor-size-large{font-size:29px}.elementor-widget-heading .elementor-heading-title.elementor-size-xl{font-size:39px}.elementor-widget-heading .elementor-heading-title.elementor-size-xxl{font-size:59px}<\/style><h2 class=\"elementor-heading-title elementor-size-default\">O Escrit\u00f3rio<\/h2>\t\t<\/div>\n\t\t\t\t<\/div>\n\t\t\t\t<div class=\"elementor-element elementor-element-703e12f elementor-widget elementor-widget-jet-unfold\" data-id=\"703e12f\" data-element_type=\"widget\" data-settings=\"{&quot;mask_height&quot;:{&quot;unit&quot;:&quot;px&quot;,&quot;size&quot;:&quot;385&quot;,&quot;sizes&quot;:[]},&quot;mask_height_laptop&quot;:{&quot;unit&quot;:&quot;px&quot;,&quot;size&quot;:&quot;&quot;,&quot;sizes&quot;:[]},&quot;mask_height_tablet_extra&quot;:{&quot;unit&quot;:&quot;px&quot;,&quot;size&quot;:&quot;&quot;,&quot;sizes&quot;:[]},&quot;mask_height_tablet&quot;:{&quot;unit&quot;:&quot;px&quot;,&quot;size&quot;:&quot;&quot;,&quot;sizes&quot;:[]},&quot;mask_height_mobile_extra&quot;:{&quot;unit&quot;:&quot;px&quot;,&quot;size&quot;:&quot;&quot;,&quot;sizes&quot;:[]},&quot;mask_height_mobile&quot;:{&quot;unit&quot;:&quot;px&quot;,&quot;size&quot;:&quot;&quot;,&quot;sizes&quot;:[]},&quot;unfold_duration&quot;:{&quot;unit&quot;:&quot;ms&quot;,&quot;size&quot;:500,&quot;sizes&quot;:[]},&quot;unfold_easing&quot;:&quot;easeOutBack&quot;,&quot;fold_duration&quot;:{&quot;unit&quot;:&quot;ms&quot;,&quot;size&quot;:300,&quot;sizes&quot;:[]},&quot;fold_easing&quot;:&quot;easeOutSine&quot;}\" data-widget_type=\"jet-unfold.default\">\n\t\t\t\t<div class=\"elementor-widget-container\">\n\t\t\t\t\t<div class=\"jet-unfold\" data-settings=\"{&quot;height&quot;:{&quot;unit&quot;:&quot;px&quot;,&quot;size&quot;:&quot;385&quot;,&quot;sizes&quot;:[]},&quot;separatorHeight&quot;:{&quot;unit&quot;:&quot;px&quot;,&quot;size&quot;:&quot;&quot;,&quot;sizes&quot;:[]},&quot;unfoldDuration&quot;:{&quot;unit&quot;:&quot;ms&quot;,&quot;size&quot;:500,&quot;sizes&quot;:[]},&quot;foldDuration&quot;:{&quot;unit&quot;:&quot;ms&quot;,&quot;size&quot;:300,&quot;sizes&quot;:[]},&quot;unfoldEasing&quot;:&quot;easeOutBack&quot;,&quot;foldEasing&quot;:&quot;easeOutSine&quot;,&quot;foldScrolling&quot;:&quot;false&quot;,&quot;hideOutsideClick&quot;:&quot;false&quot;,&quot;autoHide&quot;:&quot;false&quot;,&quot;autoHideTime&quot;:&quot;&quot;}\">\n\t\t\t<div class=\"jet-unfold__inner\">\n\t\t\t\t<div class=\"jet-unfold__mask\">\n\t\t\t\t\t<div class=\"jet-unfold__content\">\n\t\t\t\t\t\t<div class=\"jet-unfold__content-inner elementor-text-editor elementor-clearfix\"><p class=\"p1\"><br><\/p><p class=\"p1\">O escrit\u00f3rio \u00e9 integrado por um time de s\u00f3cios formados pelas melhores escolas de Direito, muitos dos quais atuando em conjunto h\u00e1 mais de uma d\u00e9cada e perfeitamente alinhados sobre as diretrizes da sociedade e a forma de condu\u00e7\u00e3o dos casos.&nbsp;<\/p><p class=\"p1\"><br><\/p><\/div>\n\t\t\t\t\t<\/div>\n\t\t\t\t\t<div class=\"jet-unfold__separator\"><\/div>\n\t\t\t\t<\/div>\n\t\t\t\t<div class=\"jet-unfold__trigger\"><div class=\"jet-unfold__button elementor-button elementor-size-md\" href=\"#\" data-unfold-text=\"Saiba mais\" data-fold-text=\"Ver menos\" data-fold-icon=\"\" data-unfold-icon=\"\" tabindex=\"0\" role=\"button\"><span class=\"jet-unfold__button-icon jet-tricks-icon\"><\/span><span class=\"jet-unfold__button-text\">Saiba mais<\/span><\/div>\t\t\t\t<\/div>\n\t\t\t<\/div>\n\t\t<\/div>\n\t\t\t\t<\/div>\n\t\t\t\t<\/div>\n\t\t\t\t<\/div>\n\t\t\t\t\t<\/div>\n\t\t\t\t<\/div>\n\t\t<div class=\"elementor-element elementor-element-838cefa elementor-hidden-desktop elementor-hidden-laptop elementor-hidden-tablet_extra elementor-hidden-tablet elementor-hidden-mobile_extra elementor-hidden-mobile e-flex e-con-boxed e-con e-parent\" data-id=\"838cefa\" data-element_type=\"container\" data-settings=\"{&quot;background_background&quot;:&quot;classic&quot;}\">\n\t\t\t\t\t<div class=\"e-con-inner\">\n\t\t\t\t<div class=\"elementor-element elementor-element-138686d elementor-widget__width-inherit elementor-widget elementor-widget-heading\" data-id=\"138686d\" data-element_type=\"widget\" data-widget_type=\"heading.default\">\n\t\t\t\t<div class=\"elementor-widget-container\">\n\t\t\t<h2 class=\"elementor-heading-title elementor-size-default\">Profissionais<\/h2>\t\t<\/div>\n\t\t\t\t<\/div>\n\t\t\t\t<div class=\"elementor-element elementor-element-eb49aaf elementor-widget elementor-widget-text-editor\" data-id=\"eb49aaf\" data-element_type=\"widget\" data-widget_type=\"text-editor.default\">\n\t\t\t\t<div class=\"elementor-widget-container\">\n\t\t\t<style>\/*! elementor - v3.21.0 - 26-05-2024 *\/\n.elementor-widget-text-editor.elementor-drop-cap-view-stacked .elementor-drop-cap{background-color:#69727d;color:#fff}.elementor-widget-text-editor.elementor-drop-cap-view-framed .elementor-drop-cap{color:#69727d;border:3px solid;background-color:transparent}.elementor-widget-text-editor:not(.elementor-drop-cap-view-default) .elementor-drop-cap{margin-top:8px}.elementor-widget-text-editor:not(.elementor-drop-cap-view-default) .elementor-drop-cap-letter{width:1em;height:1em}.elementor-widget-text-editor .elementor-drop-cap{float:left;text-align:center;line-height:1;font-size:50px}.elementor-widget-text-editor .elementor-drop-cap-letter{display:inline-block}<\/style>\t\t\t\t<p class=\"p1\"><span style=\"font-weight: 400\">A equipe do CMA possui larga experi\u00eancia em disputas transnacionais, arbitrais e judiciais, tendo atuado em casos complexos e relevantes do pa\u00eds. Nossos s\u00f3cios, al\u00e9m de possu\u00edrem forma\u00e7\u00e3o em universidades de alto padr\u00e3o, participam continuamente como palestrantes e educadores das mais diversas institui\u00e7\u00f5es, no Brasil e exterior.\u00a0<\/span><\/p>\t\t\t\t\t\t<\/div>\n\t\t\t\t<\/div>\n\t\t\t\t<div class=\"elementor-element elementor-element-20b2379 elementor-widget elementor-widget-jet-carousel\" data-id=\"20b2379\" data-element_type=\"widget\" data-settings=\"{&quot;slides_to_show&quot;:&quot;3&quot;,&quot;slides_to_show_mobile&quot;:&quot;1&quot;,&quot;slides_to_scroll&quot;:&quot;1&quot;}\" data-widget_type=\"jet-carousel.default\">\n\t\t\t\t<div class=\"elementor-widget-container\">\n\t\t\t<div class=\"elementor-jet-carousel jet-elements\"><div class=\"jet-carousel-wrap\">\n\t<div class=\"jet-carousel\" data-slider_options=\"{&quot;autoplaySpeed&quot;:5000,&quot;autoplay&quot;:true,&quot;infinite&quot;:true,&quot;centerMode&quot;:false,&quot;pauseOnHover&quot;:false,&quot;speed&quot;:500,&quot;arrows&quot;:true,&quot;dots&quot;:false,&quot;variableWidth&quot;:false,&quot;prevArrow&quot;:&quot;.jet-carousel__prev-arrow-20b2379&quot;,&quot;nextArrow&quot;:&quot;.jet-carousel__next-arrow-20b2379&quot;,&quot;rtl&quot;:false,&quot;fractionNav&quot;:false}\" dir=\"ltr\">\n\t<div class=\"elementor-slick-slider\">\n\n<div class=\"jet-carousel__item\">\n\t<div class=\"jet-carousel__item-inner\"><a href=\"https:\/\/cma.adv.br\/en\/equipe\/sergio-coelho\/\" class=\"jet-carousel__item-link\" rel=\"nofollow\" ><img decoding=\"async\" src=\"https:\/\/cma.adv.br\/wp-content\/uploads\/2024\/06\/Mask-group-59.jpg\" class=\"jet-carousel__item-img\" alt=\"Mask group (59)\" loading=\"lazy\"><\/a><div class=\"jet-carousel__content\"><h5 class=\"jet-carousel__item-title\">Sergio Coelho<\/h5><a class=\"elementor-button elementor-size-md jet-carousel__item-button\" href=\"https:\/\/cma.adv.br\/en\/equipe\/sergio-coelho\/\" rel=\"nofollow\">Ver perfil<\/a><\/div><\/div>\n<\/div>\n\n<div class=\"jet-carousel__item\">\n\t<div class=\"jet-carousel__item-inner\"><a href=\"https:\/\/cma.adv.br\/en\/equipe\/pedro-murgel\/\" class=\"jet-carousel__item-link\" ><img decoding=\"async\" src=\"https:\/\/cma.adv.br\/wp-content\/uploads\/2024\/05\/Group-24.jpg\" class=\"jet-carousel__item-img\" alt=\"Group 24\" loading=\"lazy\"><\/a><div class=\"jet-carousel__content\"><h5 class=\"jet-carousel__item-title\">Pedro Murgel<\/h5><a class=\"elementor-button elementor-size-md jet-carousel__item-button\" href=\"https:\/\/cma.adv.br\/en\/equipe\/pedro-murgel\/\">Ver perfil<\/a><\/div><\/div>\n<\/div>\n\n<div class=\"jet-carousel__item\">\n\t<div class=\"jet-carousel__item-inner\"><a href=\"https:\/\/cma.adv.br\/en\/equipe\/marcelo-atherino\/\" class=\"jet-carousel__item-link\" ><img decoding=\"async\" src=\"https:\/\/cma.adv.br\/wp-content\/uploads\/2024\/05\/Group-26.jpg\" class=\"jet-carousel__item-img\" alt=\"Group 26\" loading=\"lazy\"><\/a><div class=\"jet-carousel__content\"><h5 class=\"jet-carousel__item-title\">Marcelo Atherino<\/h5><a class=\"elementor-button elementor-size-md jet-carousel__item-button\" href=\"https:\/\/cma.adv.br\/en\/equipe\/marcelo-atherino\/\">Ver perfil<\/a><\/div><\/div>\n<\/div>\n\n<div class=\"jet-carousel__item\">\n\t<div class=\"jet-carousel__item-inner\"><a href=\"https:\/\/cma.adv.br\/en\/equipe\/julia-danziger\/\" class=\"jet-carousel__item-link\" ><img decoding=\"async\" src=\"https:\/\/cma.adv.br\/wp-content\/uploads\/2024\/05\/Group-21-1.jpg\" class=\"jet-carousel__item-img\" alt=\"Group 21 (1)\" loading=\"lazy\"><\/a><div class=\"jet-carousel__content\"><h5 class=\"jet-carousel__item-title\">J\u00falia Dazinger<\/h5><a class=\"elementor-button elementor-size-md jet-carousel__item-button\" href=\"https:\/\/cma.adv.br\/en\/equipe\/julia-danziger\/\">Ver perfil<\/a><\/div><\/div>\n<\/div>\n\n<div class=\"jet-carousel__item\">\n\t<div class=\"jet-carousel__item-inner\"><a href=\"https:\/\/cma.adv.br\/en\/?page_id=1183\" class=\"jet-carousel__item-link\" ><img decoding=\"async\" src=\"https:\/\/cma.adv.br\/wp-content\/uploads\/2024\/05\/Group-28.jpg\" class=\"jet-carousel__item-img\" alt=\"Group 28\" loading=\"lazy\"><\/a><div class=\"jet-carousel__content\"><h5 class=\"jet-carousel__item-title\">Bianca Barros<\/h5><a class=\"elementor-button elementor-size-md jet-carousel__item-button\" href=\"https:\/\/cma.adv.br\/en\/?page_id=1183\">Ver perfil<\/a><\/div><\/div>\n<\/div>\n\n<div class=\"jet-carousel__item\">\n\t<div class=\"jet-carousel__item-inner\"><a href=\"https:\/\/cma.adv.br\/en\/equipe\/gabriela-fontoura\/\" class=\"jet-carousel__item-link\" ><img decoding=\"async\" src=\"https:\/\/cma.adv.br\/wp-content\/uploads\/2024\/05\/Group-27.jpg\" class=\"jet-carousel__item-img\" alt=\"Group 27\" loading=\"lazy\"><\/a><div class=\"jet-carousel__content\"><h5 class=\"jet-carousel__item-title\">Gabriela Fontoura<\/h5><a class=\"elementor-button elementor-size-md jet-carousel__item-button\" href=\"https:\/\/cma.adv.br\/en\/equipe\/gabriela-fontoura\/\">Ver perfil<\/a><\/div><\/div>\n<\/div>\n\n<div class=\"jet-carousel__item\">\n\t<div class=\"jet-carousel__item-inner\"><a href=\"https:\/\/cma.adv.br\/en\/equipe\/isabela-rampini\/\" class=\"jet-carousel__item-link\" ><img decoding=\"async\" src=\"https:\/\/cma.adv.br\/wp-content\/uploads\/2024\/05\/Group-25.jpg\" class=\"jet-carousel__item-img\" alt=\"Group 25\" loading=\"lazy\"><\/a><div class=\"jet-carousel__content\"><h5 class=\"jet-carousel__item-title\">Isabela Rampini<\/h5><a class=\"elementor-button elementor-size-md jet-carousel__item-button\" href=\"https:\/\/cma.adv.br\/en\/equipe\/isabela-rampini\/\">Ver perfil<\/a><\/div><\/div>\n<\/div>\n\n<div class=\"jet-carousel__item\">\n\t<div class=\"jet-carousel__item-inner\"><a href=\"https:\/\/cma.adv.br\/en\/equipe\/luiz-chaves\/\" class=\"jet-carousel__item-link\" ><img decoding=\"async\" src=\"https:\/\/cma.adv.br\/wp-content\/uploads\/2024\/05\/Group-23-1.jpg\" class=\"jet-carousel__item-img\" alt=\"Group 23 (1)\" loading=\"lazy\"><\/a><div class=\"jet-carousel__content\"><h5 class=\"jet-carousel__item-title\">Luiz Chaves<\/h5><a class=\"elementor-button elementor-size-md jet-carousel__item-button\" href=\"https:\/\/cma.adv.br\/en\/equipe\/luiz-chaves\/\">Ver perfil<\/a><\/div><\/div>\n<\/div>\n\n<div class=\"jet-carousel__item\">\n\t<div class=\"jet-carousel__item-inner\"><a href=\"#\" class=\"jet-carousel__item-link\" ><img decoding=\"async\" src=\"https:\/\/cma.adv.br\/wp-content\/uploads\/2024\/06\/Mask-group-58.jpg\" class=\"jet-carousel__item-img\" alt=\"Mask group (58)\" loading=\"lazy\"><\/a><div class=\"jet-carousel__content\"><h5 class=\"jet-carousel__item-title\">Rodrigo Gomes<\/h5><a class=\"elementor-button elementor-size-md jet-carousel__item-button\" href=\"#\">Ver perfil<\/a><\/div><\/div>\n<\/div>\n<\/div><div class=\"jet-carousel__prev-arrow-20b2379 jet-arrow prev-arrow\"><svg xmlns=\"http:\/\/www.w3.org\/2000\/svg\" width=\"12\" height=\"22\" viewbox=\"0 0 12 22\" fill=\"none\"><path d=\"M11.7083 20.2931C11.8012 20.386 11.8749 20.4963 11.9252 20.6177C11.9755 20.7391 12.0013 20.8692 12.0013 21.0006C12.0013 21.132 11.9755 21.2621 11.9252 21.3835C11.8749 21.5048 11.8012 21.6151 11.7083 21.7081C11.6154 21.801 11.5051 21.8747 11.3837 21.9249C11.2623 21.9752 11.1322 22.0011 11.0008 22.0011C10.8694 22.0011 10.7393 21.9752 10.6179 21.9249C10.4965 21.8747 10.3862 21.801 10.2933 21.7081L0.293286 11.7081C0.20031 11.6152 0.126551 11.5049 0.0762272 11.3835C0.0259029 11.2621 0 11.132 0 11.0006C0 10.8691 0.0259029 10.739 0.0762272 10.6176C0.126551 10.4962 0.20031 10.3859 0.293286 10.2931L10.2933 0.293056C10.4809 0.105415 10.7354 -5.23096e-09 11.0008 0C11.2662 5.23096e-09 11.5206 0.105415 11.7083 0.293056C11.8959 0.480697 12.0013 0.735192 12.0013 1.00056C12.0013 1.26592 11.8959 1.52042 11.7083 1.70806L2.41454 11.0006L11.7083 20.2931Z\" fill=\"#0098D8\"><\/path><\/svg><\/div><div class=\"jet-carousel__next-arrow-20b2379 jet-arrow next-arrow\"><svg xmlns=\"http:\/\/www.w3.org\/2000\/svg\" width=\"12\" height=\"22\" viewbox=\"0 0 12 22\" fill=\"none\"><path d=\"M11.7075 11.7075L1.7075 21.7075C1.61459 21.8004 1.50429 21.8741 1.3829 21.9244C1.2615 21.9747 1.13139 22.0006 0.999999 22.0006C0.868604 22.0006 0.738496 21.9747 0.617103 21.9244C0.49571 21.8741 0.385409 21.8004 0.292499 21.7075C0.199588 21.6146 0.125888 21.5043 0.0756054 21.3829C0.0253227 21.2615 -0.000556946 21.1314 -0.000556946 21C-0.000556946 20.8686 0.0253227 20.7385 0.0756054 20.6171C0.125888 20.4957 0.199588 20.3854 0.292499 20.2925L9.58625 11L0.292499 1.70751C0.104858 1.51987 -0.000556948 1.26537 -0.000556946 1.00001C-0.000556944 0.734643 0.104858 0.480147 0.292499 0.292507C0.480139 0.104866 0.734635 -0.000549314 0.999999 -0.000549316C1.26536 -0.000549318 1.51986 0.104866 1.7075 0.292507L11.7075 10.2925C11.8005 10.3854 11.8742 10.4957 11.9246 10.6171C11.9749 10.7385 12.0008 10.8686 12.0008 11C12.0008 11.1314 11.9749 11.2615 11.9246 11.3829C11.8742 11.5043 11.8005 11.6146 11.7075 11.7075Z\" fill=\"#0098D8\"><\/path><\/svg><\/div><\/div>\n<\/div>\n<\/div>\t\t<\/div>\n\t\t\t\t<\/div>\n\t\t\t\t\t<\/div>\n\t\t\t\t<\/div>\n\t\t<div class=\"elementor-element elementor-element-e8f5308 e-flex e-con-boxed e-con e-parent\" data-id=\"e8f5308\" data-element_type=\"container\">\n\t\t\t\t\t<div class=\"e-con-inner\">\n\t\t\t\t\t<\/div>\n\t\t\t\t<\/div>\n\t\t<div class=\"elementor-element elementor-element-54f7611 e-flex e-con-boxed e-con e-parent\" data-id=\"54f7611\" data-element_type=\"container\">\n\t\t\t\t\t<div class=\"e-con-inner\">\n\t\t\t\t\t<\/div>\n\t\t\t\t<\/div>\n\t\t\t\t<\/div>","protected":false},"excerpt":{"rendered":"<p>\/*! elementor &#8211; v3.21.0 &#8211; 26-05-2024 *\/ .elementor-heading-title{padding:0;margin:0;line-height:1}.elementor-widget-heading .elementor-heading-title[class*=elementor-size-]&gt;a{color:inherit;font-size:inherit;line-height:inherit}.elementor-widget-heading .elementor-heading-title.elementor-size-small{font-size:15px}.elementor-widget-heading .elementor-heading-title.elementor-size-medium{font-size:19px}.elementor-widget-heading .elementor-heading-title.elementor-size-large{font-size:29px}.elementor-widget-heading .elementor-heading-title.elementor-size-xl{font-size:39px}.elementor-widget-heading .elementor-heading-title.elementor-size-xxl{font-size:59px} O Escrit\u00f3rio O escrit\u00f3rio \u00e9 integrado por um time de s\u00f3cios formados pelas melhores escolas de Direito, muitos dos quais atuando em conjunto h\u00e1 mais de uma d\u00e9cada e perfeitamente alinhados sobre as diretrizes da sociedade e a forma de condu\u00e7\u00e3o [&hellip;]<\/p>","protected":false},"author":1,"featured_media":0,"parent":0,"menu_order":0,"comment_status":"closed","ping_status":"closed","template":"","meta":{"footnotes":""},"class_list":["post-793","page","type-page","status-publish","hentry"],"_links":{"self":[{"href":"https:\/\/cma.adv.br\/en\/wp-json\/wp\/v2\/pages\/793","targetHints":{"allow":["GET"]}}],"collection":[{"href":"https:\/\/cma.adv.br\/en\/wp-json\/wp\/v2\/pages"}],"about":[{"href":"https:\/\/cma.adv.br\/en\/wp-json\/wp\/v2\/types\/page"}],"author":[{"embeddable":true,"href":"https:\/\/cma.adv.br\/en\/wp-json\/wp\/v2\/users\/1"}],"replies":[{"embeddable":true,"href":"https:\/\/cma.adv.br\/en\/wp-json\/wp\/v2\/comments?post=793"}],"version-history":[{"count":0,"href":"https:\/\/cma.adv.br\/en\/wp-json\/wp\/v2\/pages\/793\/revisions"}],"wp:attachment":[{"href":"https:\/\/cma.adv.br\/en\/wp-json\/wp\/v2\/media?parent=793"}],"curies":[{"name":"wp","href":"https:\/\/api.w.org\/{rel}","templated":true}]}}